{"id":48,"date":"2020-12-21T15:13:00","date_gmt":"2020-12-21T14:13:00","guid":{"rendered":"http:\/\/hfkb.no\/wordpress\/?page_id=48"},"modified":"2020-12-21T15:42:38","modified_gmt":"2020-12-21T14:42:38","slug":"hjem","status":"publish","type":"page","link":"https:\/\/hfkb.no\/wordpress\/","title":{"rendered":"Bl\u00e6stad Eiendom AS"},"content":{"rendered":"<h1 align=\"left\">Innlandets kompetanse- og n\u00e6ringssenter for landbruk<\/h1>\n<p align=\"left\">Bl\u00e6stad ligger i et idyllisk jordbrukslandskap i Vang, ca 3,5 km \u00f8st for Hamar sentrum. Selskapet Hedmark Fylkeskommune Bl\u00e6stad AS AS eier og forvalter eiendommen.<\/p>\n<p align=\"left\">Eiendommen best\u00e5r av 18 bygninger som leies ut til H\u00f8gskolen i Innlandet, samt store og sm\u00e5 landbruksrelaterte virksomheter. Alle utleibare areal er utleid.<\/p>\n<p style=\"text-align: left;\" align=\"center\">For mer informasjon om landbrukssenteret, ta kontakt tlf 900 50 543<\/p>\n<p align=\"center\">\n","protected":false},"excerpt":{"rendered":"<p>Innlandets kompetanse- og n\u00e6ringssenter for landbruk Bl\u00e6stad ligger i et idyllisk jordbrukslandskap i Vang, ca 3,5 km \u00f8st for Hamar sentrum. Selskapet Hedmark Fylkeskommune Bl\u00e6stad AS AS eier og forvalter eiendommen. Eiendommen best\u00e5r av 18 bygninger som leies ut til H\u00f8gskolen i Innlandet, samt store og sm\u00e5 landbruksrelaterte virksomheter. Alle utleibare areal er utleid. For &hellip; <\/p>\n<p class=\"link-more\"><a href=\"https:\/\/hfkb.no\/wordpress\/\" class=\"more-link\">Fortsett \u00e5 lese<span class=\"screen-reader-text\"> \u00abBl\u00e6stad Eiendom AS\u00bb<\/span><\/a><\/p>\n","protected":false},"author":1,"featured_media":54,"parent":0,"menu_order":0,"comment_status":"closed","ping_status":"closed","template":"","meta":{"ngg_post_thumbnail":0,"footnotes":""},"class_list":["post-48","page","type-page","status-publish","has-post-thumbnail","hentry"],"_links":{"self":[{"href":"https:\/\/hfkb.no\/wordpress\/index.php?rest_route=\/wp\/v2\/pages\/48","targetHints":{"allow":["GET"]}}],"collection":[{"href":"https:\/\/hfkb.no\/wordpress\/index.php?rest_route=\/wp\/v2\/pages"}],"about":[{"href":"https:\/\/hfkb.no\/wordpress\/index.php?rest_route=\/wp\/v2\/types\/page"}],"author":[{"embeddable":true,"href":"https:\/\/hfkb.no\/wordpress\/index.php?rest_route=\/wp\/v2\/users\/1"}],"replies":[{"embeddable":true,"href":"https:\/\/hfkb.no\/wordpress\/index.php?rest_route=%2Fwp%2Fv2%2Fcomments&post=48"}],"version-history":[{"count":4,"href":"https:\/\/hfkb.no\/wordpress\/index.php?rest_route=\/wp\/v2\/pages\/48\/revisions"}],"predecessor-version":[{"id":80,"href":"https:\/\/hfkb.no\/wordpress\/index.php?rest_route=\/wp\/v2\/pages\/48\/revisions\/80"}],"wp:featuredmedia":[{"embeddable":true,"href":"https:\/\/hfkb.no\/wordpress\/index.php?rest_route=\/wp\/v2\/media\/54"}],"wp:attachment":[{"href":"https:\/\/hfkb.no\/wordpress\/index.php?rest_route=%2Fwp%2Fv2%2Fmedia&parent=48"}],"curies":[{"name":"wp","href":"https:\/\/api.w.org\/{rel}","templated":true}]}}