{"id":50,"date":"2020-12-21T15:13:00","date_gmt":"2020-12-21T14:13:00","guid":{"rendered":"http:\/\/hfkb.no\/wordpress\/?page_id=50"},"modified":"2024-03-18T11:51:52","modified_gmt":"2024-03-18T10:51:52","slug":"kontakt-oss","status":"publish","type":"page","link":"https:\/\/hfkb.no\/wordpress\/?page_id=50","title":{"rendered":"Kontakt oss"},"content":{"rendered":"<p>Daglig leder:<\/p>\n<p>Rune Lyngb\u00f8, tlf. 95145280, epost <a href=\"mailto:rune@hfkb.no\">rune@hfkb.no<\/a><\/p>\n<p>Styret 2023-2024:<\/p>\n<p>Margrete N\u00f8kleby<br>Hilde Merethe Kristoffersen<br>Erik Ringes<\/p>\n<p>Adresse:<\/p>\n<p>H\u00f8yvangvegen 40, 2322 Ridabu<\/p>\n<p>Postadresse:<\/p>\n<p>Postboks 1085, 2305 Hamar<\/p>\n<p>Org.nr: 991 509 658 MVA<\/p>\n<p><a href=\"mailto:post@hfkb.no\">post@hfkb.no<\/a><\/p>\n\n\n<p><\/p>\n","protected":false},"excerpt":{"rendered":"<p>Daglig leder: Rune Lyngb\u00f8, tlf. 95145280, epost rune@hfkb.no Styret 2023-2024: Margrete N\u00f8klebyHilde Merethe KristoffersenErik Ringes Adresse: H\u00f8yvangvegen 40, 2322 Ridabu Postadresse: Postboks 1085, 2305 Hamar Org.nr: 991 509 658 MVA post@hfkb.no<\/p>\n","protected":false},"author":1,"featured_media":0,"parent":0,"menu_order":0,"comment_status":"closed","ping_status":"closed","template":"","meta":{"ngg_post_thumbnail":0,"footnotes":""},"class_list":["post-50","page","type-page","status-publish","hentry"],"_links":{"self":[{"href":"https:\/\/hfkb.no\/wordpress\/index.php?rest_route=\/wp\/v2\/pages\/50","targetHints":{"allow":["GET"]}}],"collection":[{"href":"https:\/\/hfkb.no\/wordpress\/index.php?rest_route=\/wp\/v2\/pages"}],"about":[{"href":"https:\/\/hfkb.no\/wordpress\/index.php?rest_route=\/wp\/v2\/types\/page"}],"author":[{"embeddable":true,"href":"https:\/\/hfkb.no\/wordpress\/index.php?rest_route=\/wp\/v2\/users\/1"}],"replies":[{"embeddable":true,"href":"https:\/\/hfkb.no\/wordpress\/index.php?rest_route=%2Fwp%2Fv2%2Fcomments&post=50"}],"version-history":[{"count":7,"href":"https:\/\/hfkb.no\/wordpress\/index.php?rest_route=\/wp\/v2\/pages\/50\/revisions"}],"predecessor-version":[{"id":149,"href":"https:\/\/hfkb.no\/wordpress\/index.php?rest_route=\/wp\/v2\/pages\/50\/revisions\/149"}],"wp:attachment":[{"href":"https:\/\/hfkb.no\/wordpress\/index.php?rest_route=%2Fwp%2Fv2%2Fmedia&parent=50"}],"curies":[{"name":"wp","href":"https:\/\/api.w.org\/{rel}","templated":true}]}}